{"id":553,"date":"2026-04-24T21:56:56","date_gmt":"2026-04-24T19:56:56","guid":{"rendered":"https:\/\/iconicmen.ro\/?post_type=product&#038;p=553"},"modified":"2026-05-14T13:00:01","modified_gmt":"2026-05-14T11:00:01","slug":"costum-barbatesc-negru-slim-fit-cu-rand-dublu-de-nasturi","status":"publish","type":"product","link":"https:\/\/iconicmen.ro\/ro\/produs\/costum-barbatesc-negru-slim-fit-cu-rand-dublu-de-nasturi\/","title":{"rendered":"Costum b\u0103rb\u0103tesc negru slim fit cu r\u00e2nd dublu de nasturi"},"content":{"rendered":"<p>Costumul b\u0103rb\u0103tesc negru cu r\u00e2nd dublu de nasturi este alegerea ideal\u0103 pentru b\u0103rbatul care \u00ee\u0219i dore\u0219te un look <b>elegant, modern \u0219i versatil<\/b>. Croiala slim fit pune \u00een valoare silueta, iar nuan\u021ba intensa de negru ofer\u0103 un aer rafinat \u0219i actual, potrivit pentru orice moment al zilei.<\/p>\n<p>Confortabil \u0219i u\u0219or de adaptat, poate fi purtat at\u00e2t cu pantofi elegan\u021bi, c\u00e2t \u0219i cu loafers sau sneakers, pentru un stil smart-casual modern.<\/p>\n<p><b>Detalii produs<\/b><\/p>\n<p>\u00b7\u00a0\u00a0\u00a0\u00a0\u00a0\u00a0 <b>Sacou slim fit<\/b> cu rever ascu\u021bit lat \u0219i r\u00e2nd dublu de nasturi metalici<\/p>\n<p>\u00b7\u00a0\u00a0\u00a0\u00a0\u00a0\u00a0 <b>Pantaloni slim fit<\/b>\u00a0cu buzunare laterale \u0219i tiv nefinisat (ajustabil)<\/p>\n<p>\u00b7\u00a0\u00a0\u00a0\u00a0\u00a0\u00a0 \u021aes\u0103tur\u0103 fin\u0103, pl\u0103cut\u0103 la purtare<\/p>\n<p>\u00b7\u00a0\u00a0\u00a0\u00a0\u00a0\u00a0 Culoare <b>&#8211; negru<\/b><\/p>\n<p><b>Ideal pentru:<\/b> nun\u021bi, evenimente business, cocktailuri, petreceri, banchet, majorat<\/p>","protected":false},"excerpt":{"rendered":"<p>Costumul b\u0103rb\u0103tesc negru cu r\u00e2nd dublu de nasturi este alegerea ideal\u0103 pentru b\u0103rbatul care \u00ee\u0219i dore\u0219te un look elegant, modern \u0219i versatil. Croiala slim fit pune \u00een valoare silueta, iar nuan\u021ba intensa de negru ofer\u0103 un aer rafinat \u0219i actual, potrivit pentru orice moment al zilei. Confortabil \u0219i u\u0219or de adaptat, poate fi purtat at\u00e2t [&#8230;]\n","protected":false},"featured_media":0,"comment_status":"open","ping_status":"closed","template":"","meta":[],"product_brand":[],"product_cat":[70,72],"product_tag":[140,148,143,147,145,141,146],"class_list":{"0":"post-553","1":"product","2":"type-product","3":"status-publish","5":"product_cat-costume-barbati","6":"product_cat-costume-business","7":"product_tag-banchet","8":"product_tag-bestseller","9":"product_tag-business-meeting","10":"product_tag-colectie-noua","11":"product_tag-elegant","12":"product_tag-majorat","13":"product_tag-smart-casual","15":"first","16":"instock","17":"shipping-taxable","18":"purchasable","19":"product-type-variable"},"jetpack_sharing_enabled":true,"_links":{"self":[{"href":"https:\/\/iconicmen.ro\/ro\/wp-json\/wp\/v2\/product\/553","targetHints":{"allow":["GET"]}}],"collection":[{"href":"https:\/\/iconicmen.ro\/ro\/wp-json\/wp\/v2\/product"}],"about":[{"href":"https:\/\/iconicmen.ro\/ro\/wp-json\/wp\/v2\/types\/product"}],"replies":[{"embeddable":true,"href":"https:\/\/iconicmen.ro\/ro\/wp-json\/wp\/v2\/comments?post=553"}],"wp:attachment":[{"href":"https:\/\/iconicmen.ro\/ro\/wp-json\/wp\/v2\/media?parent=553"}],"wp:term":[{"taxonomy":"product_brand","embeddable":true,"href":"https:\/\/iconicmen.ro\/ro\/wp-json\/wp\/v2\/product_brand?post=553"},{"taxonomy":"product_cat","embeddable":true,"href":"https:\/\/iconicmen.ro\/ro\/wp-json\/wp\/v2\/product_cat?post=553"},{"taxonomy":"product_tag","embeddable":true,"href":"https:\/\/iconicmen.ro\/ro\/wp-json\/wp\/v2\/product_tag?post=553"}],"curies":[{"name":"wp","href":"https:\/\/api.w.org\/{rel}","templated":true}]}}