{"id":458,"date":"2026-03-24T22:32:13","date_gmt":"2026-03-24T20:32:13","guid":{"rendered":"https:\/\/iconicmen.ro\/?post_type=product&#038;p=458"},"modified":"2026-04-15T12:27:11","modified_gmt":"2026-04-15T10:27:11","slug":"costum-barbatesc-james-roz-deschis-slim-fit","status":"publish","type":"product","link":"https:\/\/iconicmen.ro\/ro\/produs\/costum-barbatesc-james-roz-deschis-slim-fit\/","title":{"rendered":"Costum b\u0103rb\u0103tesc James roz deschis slim fit"},"content":{"rendered":"<p>Costumul b\u0103rb\u0103tesc James este alegerea ideal\u0103 pentru b\u0103rbatul care \u00ee\u0219i dore\u0219te un look <b>elegant, modern \u0219i versatil<\/b>. Croiala slim fit pune \u00een valoare silueta, iar nuan\u021ba\u00a0<b>roz deschis<\/b> ofer\u0103 un aer rafinat \u0219i actual, potrivit pentru orice moment al zilei.<\/p>\n<p>Confortabil \u0219i u\u0219or de adaptat, poate fi purtat at\u00e2t cu pantofi elegan\u021bi, c\u00e2t \u0219i cu loafers sau sneakers, pentru un stil smart-casual modern.<\/p>\n<p><b>Detalii produs<\/b><\/p>\n<p>\u00b7\u00a0\u00a0\u00a0\u00a0\u00a0\u00a0 <b>Sacou slim fit<\/b>\u00a0cu rever ascu\u021bit, \u00eenchidere \u00een 2 nasturi \u0219i c\u0103ptu\u0219eal\u0103 confortabil\u0103<\/p>\n<p>\u00b7\u00a0\u00a0\u00a0\u00a0\u00a0\u00a0 <b>Vest\u0103 slim fit<\/b>\u00a0cu \u00eenchidere \u00een 4 nasturi<\/p>\n<p>\u00b7\u00a0\u00a0\u00a0\u00a0\u00a0\u00a0 <b>Pantaloni slim fit<\/b>\u00a0cu buzunare laterale \u0219i tiv nefinisat (ajustabil)<\/p>\n<p>\u00b7\u00a0\u00a0\u00a0\u00a0\u00a0\u00a0 \u021aes\u0103tur\u0103 fin\u0103, pl\u0103cut\u0103 la purtare<\/p>\n<p>\u00b7\u00a0\u00a0\u00a0\u00a0\u00a0\u00a0 Culoare roz deschis<\/p>\n<p><b>Ideal pentru:<\/b>\u00a0nun\u021bi, evenimente business, cocktailuri \u0219i petreceri elegante.<\/p>","protected":false},"excerpt":{"rendered":"<p>Costumul b\u0103rb\u0103tesc James este alegerea ideal\u0103 pentru b\u0103rbatul care \u00ee\u0219i dore\u0219te un look elegant, modern \u0219i versatil. Croiala slim fit pune \u00een valoare silueta, iar nuan\u021ba\u00a0roz deschis ofer\u0103 un aer rafinat \u0219i actual, potrivit pentru orice moment al zilei. Confortabil \u0219i u\u0219or de adaptat, poate fi purtat at\u00e2t cu pantofi elegan\u021bi, c\u00e2t \u0219i cu loafers [&#8230;]\n","protected":false},"featured_media":0,"comment_status":"open","ping_status":"closed","template":"","meta":[],"product_brand":[],"product_cat":[70,72],"product_tag":[148,143,145,150],"class_list":{"0":"post-458","1":"product","2":"type-product","3":"status-publish","5":"product_cat-costume-barbati","6":"product_cat-costume-business","7":"product_tag-bestseller","8":"product_tag-business-meeting","9":"product_tag-elegant","10":"product_tag-gala","12":"first","13":"instock","14":"sale","15":"shipping-taxable","16":"purchasable","17":"product-type-variable"},"jetpack_sharing_enabled":true,"_links":{"self":[{"href":"https:\/\/iconicmen.ro\/ro\/wp-json\/wp\/v2\/product\/458","targetHints":{"allow":["GET"]}}],"collection":[{"href":"https:\/\/iconicmen.ro\/ro\/wp-json\/wp\/v2\/product"}],"about":[{"href":"https:\/\/iconicmen.ro\/ro\/wp-json\/wp\/v2\/types\/product"}],"replies":[{"embeddable":true,"href":"https:\/\/iconicmen.ro\/ro\/wp-json\/wp\/v2\/comments?post=458"}],"wp:attachment":[{"href":"https:\/\/iconicmen.ro\/ro\/wp-json\/wp\/v2\/media?parent=458"}],"wp:term":[{"taxonomy":"product_brand","embeddable":true,"href":"https:\/\/iconicmen.ro\/ro\/wp-json\/wp\/v2\/product_brand?post=458"},{"taxonomy":"product_cat","embeddable":true,"href":"https:\/\/iconicmen.ro\/ro\/wp-json\/wp\/v2\/product_cat?post=458"},{"taxonomy":"product_tag","embeddable":true,"href":"https:\/\/iconicmen.ro\/ro\/wp-json\/wp\/v2\/product_tag?post=458"}],"curies":[{"name":"wp","href":"https:\/\/api.w.org\/{rel}","templated":true}]}}