{"id":429,"date":"2026-02-26T14:04:59","date_gmt":"2026-02-26T12:04:59","guid":{"rendered":"https:\/\/iconicmen.ro\/?post_type=product&#038;p=429"},"modified":"2026-04-15T12:28:51","modified_gmt":"2026-04-15T10:28:51","slug":"costum-barbatesc-de-ceremonie-marco-slim-fit","status":"publish","type":"product","link":"https:\/\/iconicmen.ro\/ro\/produs\/costum-barbatesc-de-ceremonie-marco-slim-fit\/","title":{"rendered":"Costum b\u0103rb\u0103tesc de ceremonie Marco slim fit"},"content":{"rendered":"<p><b>Costum de mire Marco ivory la r\u00e2nd dublu de nasturi <\/b>\u2013 alegerea perfect\u0103 pentru o apari\u021bie elegant\u0103 \u0219i memorabil\u0103 \u00een ziua nun\u021bii. Croiala slim fit eviden\u021biaz\u0103 silueta, iar contrastul dintre sacoul double-breasted ivory \u0219i pantalonii negri adaug\u0103 un plus de rafinament \u0219i str\u0103lucire. Realizat din \u021bes\u0103tur\u0103 fin\u0103 \u0219i confortabil\u0103, este op\u021biunea ideal\u0103 pentru b\u0103rbatul care \u00ee\u0219i dore\u0219te un look <b>elegant, modern \u0219i versatil<\/b>.<\/p>\n<p><b>Detalii produs<\/b><b><\/b><\/p>\n<p>\u00b7\u00a0\u00a0\u00a0\u00a0\u00a0\u00a0 <b>Sacou slim fit<\/b> cu rever ascu\u021bit, \u00eenchidere \u00een 2 r\u00e2nduri de nasturi \u0219i c\u0103ptu\u0219eal\u0103 confortabil\u0103<\/p>\n<p>\u00b7\u00a0\u00a0\u00a0\u00a0\u00a0\u00a0 <b>Pantaloni slim fit<\/b>\u00a0cu buzunare laterale \u0219i tiv nefinisat (ajustabil)<\/p>\n<p>\u00b7\u00a0\u00a0\u00a0\u00a0\u00a0\u00a0 \u021aes\u0103tur\u0103 fin\u0103, pl\u0103cut\u0103 la purtare<\/p>\n<p>\u00b7\u00a0\u00a0\u00a0\u00a0\u00a0\u00a0 Culoare &#8211; Ivory<\/p>\n<p>Papionul asortat este CADOU la achizi\u021bionarea acestui costum.<\/p>\n<p>Ideal pentru nunt\u0103, ceremonii \u0219i evenimente black-tie.<\/p>","protected":false},"excerpt":{"rendered":"<p>Costum de mire Marco ivory la r\u00e2nd dublu de nasturi \u2013 alegerea perfect\u0103 pentru o apari\u021bie elegant\u0103 \u0219i memorabil\u0103 \u00een ziua nun\u021bii. Croiala slim fit eviden\u021biaz\u0103 silueta, iar contrastul dintre sacoul double-breasted ivory \u0219i pantalonii negri adaug\u0103 un plus de rafinament \u0219i str\u0103lucire. Realizat din \u021bes\u0103tur\u0103 fin\u0103 \u0219i confortabil\u0103, este op\u021biunea ideal\u0103 pentru b\u0103rbatul care [&#8230;]\n","protected":false},"featured_media":432,"comment_status":"open","ping_status":"closed","template":"","meta":[],"product_brand":[],"product_cat":[70,71],"product_tag":[140,148,142,145,150,139,138],"class_list":{"0":"post-429","1":"product","2":"type-product","3":"status-publish","4":"has-post-thumbnail","6":"product_cat-costume-barbati","7":"product_cat-costume-ceremonie","8":"product_tag-banchet","9":"product_tag-bestseller","10":"product_tag-ceremonie","11":"product_tag-elegant","12":"product_tag-gala","13":"product_tag-mire","14":"product_tag-nunta","16":"first","17":"instock","18":"shipping-taxable","19":"purchasable","20":"product-type-variable"},"jetpack_sharing_enabled":true,"_links":{"self":[{"href":"https:\/\/iconicmen.ro\/ro\/wp-json\/wp\/v2\/product\/429","targetHints":{"allow":["GET"]}}],"collection":[{"href":"https:\/\/iconicmen.ro\/ro\/wp-json\/wp\/v2\/product"}],"about":[{"href":"https:\/\/iconicmen.ro\/ro\/wp-json\/wp\/v2\/types\/product"}],"replies":[{"embeddable":true,"href":"https:\/\/iconicmen.ro\/ro\/wp-json\/wp\/v2\/comments?post=429"}],"wp:featuredmedia":[{"embeddable":true,"href":"https:\/\/iconicmen.ro\/ro\/wp-json\/wp\/v2\/media\/432"}],"wp:attachment":[{"href":"https:\/\/iconicmen.ro\/ro\/wp-json\/wp\/v2\/media?parent=429"}],"wp:term":[{"taxonomy":"product_brand","embeddable":true,"href":"https:\/\/iconicmen.ro\/ro\/wp-json\/wp\/v2\/product_brand?post=429"},{"taxonomy":"product_cat","embeddable":true,"href":"https:\/\/iconicmen.ro\/ro\/wp-json\/wp\/v2\/product_cat?post=429"},{"taxonomy":"product_tag","embeddable":true,"href":"https:\/\/iconicmen.ro\/ro\/wp-json\/wp\/v2\/product_tag?post=429"}],"curies":[{"name":"wp","href":"https:\/\/api.w.org\/{rel}","templated":true}]}}