{"id":355,"date":"2026-02-11T12:33:24","date_gmt":"2026-02-11T10:33:24","guid":{"rendered":"https:\/\/iconicmen.ro\/?post_type=product&#038;p=355"},"modified":"2026-04-15T12:36:56","modified_gmt":"2026-04-15T10:36:56","slug":"costum-barbatesc-amalfi-slim-fit-texturat","status":"publish","type":"product","link":"https:\/\/iconicmen.ro\/ro\/produs\/costum-barbatesc-amalfi-slim-fit-texturat\/","title":{"rendered":"Costum b\u0103rb\u0103tesc Amalfi slim fit texturat"},"content":{"rendered":"<p style=\"font-weight: 400;\">Costumul b\u0103rb\u0103tesc\u00a0<strong>Amalfi slim fit<\/strong>\u00a0este alegerea ideal\u0103 pentru b\u0103rbatul care \u00ee\u0219i dore\u0219te un look\u00a0<strong>elegant, modern \u0219i versatil<\/strong>. Croiala slim fit pune \u00een valoare silueta, iar nuan\u021ba gri cu<strong>\u00a0textur\u0103 discret\u0103<\/strong>\u00a0ofer\u0103 un aer rafinat \u0219i actual, potrivit pentru orice moment al zilei.<\/p>\n<p style=\"font-weight: 400;\">Confortabil \u0219i u\u0219or de adaptat, poate fi purtat at\u00e2t cu pantofi elegan\u021bi, c\u00e2t \u0219i cu loafers sau sneakers, pentru un stil smart-casual modern.<\/p>\n<h3>Detalii produs<\/h3>\n<ul>\n<li><strong>Sacou slim fit <\/strong>cu rever ascu\u021bit, \u00eenchidere \u00een 2 nasturi \u0219i c\u0103ptu\u0219eal\u0103 confortabil\u0103<\/li>\n<li><strong>Vest\u0103 slim fit <\/strong>cu \u00eenchidere \u00een dou\u0103 r\u00e2nduri de nasturi<\/li>\n<li><strong>Pantaloni slim fit <\/strong>cu buzunare laterale \u0219i tiv nefinisat (ajustabil)<\/li>\n<li>\u021aes\u0103tur\u0103 fin\u0103, pl\u0103cut\u0103 la purtare<\/li>\n<li>Culoare gri cu model texturat discret<\/li>\n<\/ul>\n<p style=\"font-weight: 400;\"><strong>Ideal pentru:<\/strong>\u00a0nun\u021bi, evenimente business, cocktailuri \u0219i petreceri elegante.<\/p>","protected":false},"excerpt":{"rendered":"<p>Costumul b\u0103rb\u0103tesc\u00a0Amalfi slim fit\u00a0este alegerea ideal\u0103 pentru b\u0103rbatul care \u00ee\u0219i dore\u0219te un look\u00a0elegant, modern \u0219i versatil. Croiala slim fit pune \u00een valoare silueta, iar nuan\u021ba gri cu\u00a0textur\u0103 discret\u0103\u00a0ofer\u0103 un aer rafinat \u0219i actual, potrivit pentru orice moment al zilei. Confortabil \u0219i u\u0219or de adaptat, poate fi purtat at\u00e2t cu pantofi elegan\u021bi, c\u00e2t \u0219i cu loafers [&#8230;]\n","protected":false},"featured_media":356,"comment_status":"open","ping_status":"closed","template":"","meta":[],"product_brand":[],"product_cat":[70,72],"product_tag":[140,148,143,145],"class_list":{"0":"post-355","1":"product","2":"type-product","3":"status-publish","4":"has-post-thumbnail","6":"product_cat-costume-barbati","7":"product_cat-costume-business","8":"product_tag-banchet","9":"product_tag-bestseller","10":"product_tag-business-meeting","11":"product_tag-elegant","13":"first","14":"instock","15":"sale","16":"shipping-taxable","17":"purchasable","18":"product-type-variable"},"jetpack_sharing_enabled":true,"_links":{"self":[{"href":"https:\/\/iconicmen.ro\/ro\/wp-json\/wp\/v2\/product\/355","targetHints":{"allow":["GET"]}}],"collection":[{"href":"https:\/\/iconicmen.ro\/ro\/wp-json\/wp\/v2\/product"}],"about":[{"href":"https:\/\/iconicmen.ro\/ro\/wp-json\/wp\/v2\/types\/product"}],"replies":[{"embeddable":true,"href":"https:\/\/iconicmen.ro\/ro\/wp-json\/wp\/v2\/comments?post=355"}],"wp:featuredmedia":[{"embeddable":true,"href":"https:\/\/iconicmen.ro\/ro\/wp-json\/wp\/v2\/media\/356"}],"wp:attachment":[{"href":"https:\/\/iconicmen.ro\/ro\/wp-json\/wp\/v2\/media?parent=355"}],"wp:term":[{"taxonomy":"product_brand","embeddable":true,"href":"https:\/\/iconicmen.ro\/ro\/wp-json\/wp\/v2\/product_brand?post=355"},{"taxonomy":"product_cat","embeddable":true,"href":"https:\/\/iconicmen.ro\/ro\/wp-json\/wp\/v2\/product_cat?post=355"},{"taxonomy":"product_tag","embeddable":true,"href":"https:\/\/iconicmen.ro\/ro\/wp-json\/wp\/v2\/product_tag?post=355"}],"curies":[{"name":"wp","href":"https:\/\/api.w.org\/{rel}","templated":true}]}}