{"id":93,"date":"2013-08-11T19:06:15","date_gmt":"2013-08-11T19:06:15","guid":{"rendered":"http:\/\/localhost:8888\/test\/?page_id=520"},"modified":"2026-05-15T10:06:35","modified_gmt":"2026-05-15T08:06:35","slug":"about","status":"publish","type":"page","link":"https:\/\/iconicmen.ro\/ro\/elements\/pages\/about\/","title":{"rendered":"Despre"},"content":{"rendered":"<div class=\"banner has-hover\" id=\"banner-1687458500\">\n          <div class=\"banner-inner fill\">\n        <div class=\"banner-bg fill\" >\n                                    <div class=\"overlay\"><\/div>            \n                    <\/div>\n\t\t\n        <div class=\"banner-layers container\">\n            <div class=\"fill banner-link\"><\/div>            \n\n   <div id=\"text-box-603645726\" class=\"text-box banner-layer text-box-circle x50 md-x50 lg-x50 y90 md-y90 lg-y90 res-text\">\n                                <div class=\"text-box-content text\">\n              \n              <div class=\"text-inner text-center\">\n                  \n\n\t<div id=\"text-1483070992\" class=\"text\">\n\t\t\n\n<h3 class=\"lead\">POVESTEA NOASTR\u0102<\/h3>\n<p>\u00a0<\/p>\n<p class=\"lead\">ICONIC MEN a luat na\u0219tere \u00een Oradea, \u00een 2018, din pasiunea pentru elegan\u021ba masculin\u0103 modern\u0103 \u0219i pentru haine create cu aten\u021bie la detalii.<\/p>\n\t\t\n<style>\n#text-1483070992 {\n  font-size: 0.75rem;\n  color: #a38560;\n}\n#text-1483070992 > * {\n  color: #a38560;\n}\n<\/style>\n\t<\/div>\n\t\n\n              <\/div>\n           <\/div>\n                            \n<style>\n#text-box-603645726 {\n  width: 98%;\n}\n#text-box-603645726 .text-box-content {\n  font-size: 100%;\n}\n@media (min-width:550px) {\n  #text-box-603645726 {\n    width: 40%;\n  }\n}\n<\/style>\n    <\/div>\n \n\n        <\/div>\n      <\/div>\n\n            \n<style>\n#banner-1687458500 {\n  padding-top: 507px;\n  background-color: #390517;\n}\n#banner-1687458500 .overlay {\n  background-color: rgba(0, 0, 0, 0.49);\n}\n<\/style>\n  <\/div>\n\n\n<div class=\"row\"  id=\"row-1478837712\">\n\n\n\t<div id=\"col-1772490670\" class=\"col small-12 large-12\"  >\n\t\t\t\t<div class=\"col-inner\"  >\n\t\t\t\n\t\t\t\n\n\t<div id=\"text-2814029164\" class=\"text\">\n\t\t\n\n<p data-start=\"1526\" data-end=\"1868\">Dezvoltat ca <strong>un business de familie, construit de o echip\u0103 so\u021b\u2013so\u021bie<\/strong>, brandul propune <strong>colec\u021bii ready-to-wear slim fit<\/strong> dedicate b\u0103rba\u021bilor care apreciaz\u0103 stilul contemporan, calitatea \u0219i versatilitatea.<\/p>\n<p data-start=\"1873\" data-end=\"2089\">Fiecare pies\u0103 este selectat\u0103 cu grij\u0103 \u2014 de la <strong>costume elegante<\/strong> pentru evenimente \u0219i contexte business, p\u00e2n\u0103 la articole smart casual moderne \u2014 toate realizate din \u021bes\u0103turi premium \u0219i finisate la standarde ridicate.<\/p>\n<p data-start=\"2094\" data-end=\"2301\">Colec\u021biile sunt completate de <strong>c\u0103m\u0103\u0219i, sacouri, pantaloni, pantofi din piele natural\u0103 \u0219i accesorii masculine<\/strong>, astfel \u00eenc\u00e2t fiecare client s\u0103 \u00ee\u0219i poat\u0103 construi rapid o \u021binut\u0103 complet\u0103, coerent\u0103 \u0219i rafinat\u0103.<\/p>\n<p data-start=\"2306\" data-end=\"2534\">La baza fiec\u0103rei selec\u021bii stau principii clare: calitate, potrivire impecabil\u0103 \u0219i aten\u021bie la detalii. Rezultatul este un stil masculin contemporan, sigur \u0219i discret sofisticat \u2014 exact a\u0219a cum ar trebui s\u0103 arate elegan\u021ba modern\u0103.<\/p>\n\t\t\n<style>\n#text-2814029164 {\n  text-align: center;\n  color: #a38560;\n}\n#text-2814029164 > * {\n  color: #a38560;\n}\n<\/style>\n\t<\/div>\n\t\n<div class=\"text-center\"><div class=\"is-divider divider clearfix\" ><\/div><\/div>\n\n\n\t\t<\/div>\n\t\t\t\t\t<\/div>\n\n\t\n\n\t<div id=\"col-1310976077\" class=\"col medium-3 small-12 large-3\"  >\n\t\t\t\t<div class=\"col-inner\"  >\n\t\t\t\n\t\t\t\n\n    <div class=\"box has-hover has-hover box-text-bottom\" >\n\n                  <div class=\"box-image\" style=\"width:80%;\">\n           <div class=\"box-image-inner image-cover\" style=\"border-radius:100%;padding-top:100%;\">\n              <img loading=\"lazy\" decoding=\"async\" width=\"752\" height=\"1076\" src=\"https:\/\/iconicmen.ro\/wp-content\/uploads\/2026\/04\/IMG_0269-2.jpg\" class=\"attachment- size-\" alt=\"\" srcset=\"https:\/\/iconicmen.ro\/wp-content\/uploads\/2026\/04\/IMG_0269-2.jpg 752w, https:\/\/iconicmen.ro\/wp-content\/uploads\/2026\/04\/IMG_0269-2-280x400.jpg 280w, https:\/\/iconicmen.ro\/wp-content\/uploads\/2026\/04\/IMG_0269-2-559x800.jpg 559w, https:\/\/iconicmen.ro\/wp-content\/uploads\/2026\/04\/IMG_0269-2-600x859.jpg 600w\" sizes=\"auto, (max-width: 752px) 100vw, 752px\" \/>                         <\/div>\n          <\/div>\n         \n          <div class=\"box-text text-center\" >\n                <div class=\"box-text-inner\">\n                  <h4 class=\"uppercase\">\n                    <span class=\"person-name\">Lorand<\/span><br\/>\n                    <span class=\"person-title is-small thin-font op-7\">\n                      CEO \/ Founder                    <\/span>\n                  <\/h4>\n\t\t\t\t\t\n\n\t<div id=\"text-692970740\" class=\"text\">\n\t\t\n\n<p>Pasionat de mod\u0103 contemporan\u0103, \u021binute b\u0103rb\u0103te\u0219ti \u0219i styling vestimentar.<\/p>\n\t\t\n<style>\n#text-692970740 {\n  color: #627D47;\n}\n#text-692970740 > * {\n  color: #627D47;\n}\n<\/style>\n\t<\/div>\n\t\n\n                <\/div>\n          <\/div>\n    <\/div>\n\n\t\n    \n\n\t\t<\/div>\n\t\t\t\t\t<\/div>\n\n\t\n\n\t<div id=\"col-2029158118\" class=\"col medium-3 small-12 large-3\"  >\n\t\t\t\t<div class=\"col-inner\"  >\n\t\t\t\n\t\t\t\n\n    <div class=\"box has-hover has-hover box-text-bottom\" >\n\n                  <div class=\"box-image\" style=\"width:80%;\">\n           <div class=\"box-image-inner image-cover\" style=\"border-radius:100%;padding-top:100%;\">\n              <img loading=\"lazy\" decoding=\"async\" width=\"400\" height=\"260\" src=\"https:\/\/iconicmen.ro\/wp-content\/uploads\/2016\/08\/dummy-1.jpg\" class=\"attachment- size-\" alt=\"\" srcset=\"https:\/\/iconicmen.ro\/wp-content\/uploads\/2016\/08\/dummy-1.jpg 400w, https:\/\/iconicmen.ro\/wp-content\/uploads\/2016\/08\/dummy-1-300x195.jpg 300w\" sizes=\"auto, (max-width: 400px) 100vw, 400px\" \/>                         <\/div>\n          <\/div>\n         \n          <div class=\"box-text text-center\" >\n                <div class=\"box-text-inner\">\n                  <h4 class=\"uppercase\">\n                    <span class=\"person-name\">BIANCA<\/span><br\/>\n                    <span class=\"person-title is-small thin-font op-7\">\n                      CO-FOUNDER\/LEGAL ADVISOR                    <\/span>\n                  <\/h4>\n\t\t\t\t\t\n\n\t<div id=\"text-3006902022\" class=\"text\">\n\t\t\n\n<p>Strategie, legalitate \u0219i dezvoltarea brandului premium<\/p>\n\t\t\n<style>\n#text-3006902022 {\n  color: #627D47;\n}\n#text-3006902022 > * {\n  color: #627D47;\n}\n<\/style>\n\t<\/div>\n\t\n\n                <\/div>\n          <\/div>\n    <\/div>\n\n\t\n    \n\n\t\t<\/div>\n\t\t\t\t\t<\/div>\n\n\t\n\n\t<div id=\"col-1081399444\" class=\"col medium-3 small-12 large-3\"  >\n\t\t\t\t<div class=\"col-inner\"  >\n\t\t\t\n\t\t\t\n\n    <div class=\"box has-hover has-hover box-text-bottom\" >\n\n                  <div class=\"box-image\" style=\"width:80%;\">\n           <div class=\"box-image-inner image-cover\" style=\"border-radius:100%;padding-top:100%;\">\n              <img loading=\"lazy\" decoding=\"async\" width=\"400\" height=\"260\" src=\"https:\/\/iconicmen.ro\/wp-content\/uploads\/2016\/08\/dummy-1.jpg\" class=\"attachment- size-\" alt=\"\" srcset=\"https:\/\/iconicmen.ro\/wp-content\/uploads\/2016\/08\/dummy-1.jpg 400w, https:\/\/iconicmen.ro\/wp-content\/uploads\/2016\/08\/dummy-1-300x195.jpg 300w\" sizes=\"auto, (max-width: 400px) 100vw, 400px\" \/>                         <\/div>\n          <\/div>\n         \n          <div class=\"box-text text-center\" >\n                <div class=\"box-text-inner\">\n                  <h4 class=\"uppercase\">\n                    <span class=\"person-name\">ANA<\/span><br\/>\n                    <span class=\"person-title is-small thin-font op-7\">\n                      SALES ASSISTENT                    <\/span>\n                  <\/h4>\n\t\t\t\t\t\n\n\t<div id=\"text-2159026634\" class=\"text\">\n\t\t\n\n<p><!--more-->Consultan\u021b\u0103 dedicat\u0103<\/p>\n<p>\u0219i<\/p>\n<p>experien\u021b\u0103 premium pentru clien\u021bi<\/p>\n\t\t\n<style>\n#text-2159026634 {\n  color: #627D47;\n}\n#text-2159026634 > * {\n  color: #627D47;\n}\n<\/style>\n\t<\/div>\n\t\n\n                <\/div>\n          <\/div>\n    <\/div>\n\n\t\n    \n\n\t\t<\/div>\n\t\t\t\t\t<\/div>\n\n\t\n\n<\/div>\n<div class=\"text-center\"><div class=\"is-divider divider clearfix\" ><\/div><\/div>\n\n  <div class=\"icon-box testimonial-box icon-box-left text-left\">\n                <div class=\"icon-box-text p-last-0\">\n          <div class=\"star-rating\" role=\"img\" aria-label=\"Rated 5 out of 5\"><span style=\"width:100%\"><strong class=\"rating\"><\/strong><\/span><\/div>  \t\t\t\t<div class=\"testimonial-text line-height-small italic test_text first-reset last-reset is-italic\">\n            \n\n<h3>RARE\u0218 B.<\/h3>\n<p>Recomand cu drag! Am gasit costumul perfect de mire pentru nunt\u0103 calitate foarte bun\u0103 \u0219i un pre\u021b extraordinar. Colaborarea si rabdarea de nota 10! Seriozitate \u0219i implicare!<br \/>V\u0103 mul\u021bumesc si v-a\u0219 alege de fiecare data, la orice eveniment!<\/p>\n<div class=\"is-divider divider clearfix\" ><\/div>\n\n\n          <\/div>\n          <div class=\"testimonial-meta pt-half\">\n             <strong class=\"testimonial-name test_name\"><\/strong>\n                          <span class=\"testimonial-company test_company\"><\/span>\n          <\/div>\n        <\/div>\n  <\/div>\n\n  \n  <div class=\"icon-box testimonial-box icon-box-left text-left\">\n                <div class=\"icon-box-text p-last-0\">\n          <div class=\"star-rating\" role=\"img\" aria-label=\"Rated 5 out of 5\"><span style=\"width:100%\"><strong class=\"rating\"><\/strong><\/span><\/div>  \t\t\t\t<div class=\"testimonial-text line-height-small italic test_text first-reset last-reset is-italic\">\n            \n\n<h3>ANDREI<\/h3>\n<p>Recomand cu c\u0103ldur\u0103. Am fost aici \u00een calitate de viitor mire \u0219i am avut parte de o experien\u021b\u0103 foarte bun\u0103. Pe tot parcursul alegerii \u0219i a probelor am fost ajutat \u0219i \u00eendrumat. De la costum la c\u0103ma\u0219\u0103, accesorii \u0219i chiar manechin de p\u0103strare a rochiei pt so\u021bie \u0219i al costumului pt mine, am primit de toate.<br \/>Mul\u021bumesc Iconic Men!<\/p>\n<div class=\"is-divider divider clearfix\" ><\/div>\n\n\n          <\/div>\n          <div class=\"testimonial-meta pt-half\">\n             <strong class=\"testimonial-name test_name\"><\/strong>\n                          <span class=\"testimonial-company test_company\"><\/span>\n          <\/div>\n        <\/div>\n  <\/div>\n\n  \n  <div class=\"icon-box testimonial-box icon-box-left text-left\">\n                <div class=\"icon-box-text p-last-0\">\n          <div class=\"star-rating\" role=\"img\" aria-label=\"Rated 5 out of 5\"><span style=\"width:100%\"><strong class=\"rating\"><\/strong><\/span><\/div>  \t\t\t\t<div class=\"testimonial-text line-height-small italic test_text first-reset last-reset is-italic\">\n            \n\n<h3>VANESSA O.<\/h3>\n<p>Recomand cu \u00eencredere! Am g\u0103sit costumul perfect la ei, doamna de acolo a avut r\u0103bdare p\u00e2n\u0103 so\u021bul a probat fiecare costum care i-a pl\u0103cut \u0219i ne-a sf\u0103tuit \u00een privin\u021ba fiec\u0103ruia. Calitatea costumelor e top, iar raportul calitate-pre\u021b e foarte bun.<\/p>\n<div class=\"is-divider divider clearfix\" ><\/div>\n\n\n          <\/div>\n          <div class=\"testimonial-meta pt-half\">\n             <strong class=\"testimonial-name test_name\"><\/strong>\n                          <span class=\"testimonial-company test_company\"><\/span>\n          <\/div>\n        <\/div>\n  <\/div>\n\n  \n  <div class=\"icon-box testimonial-box icon-box-left text-left\">\n                <div class=\"icon-box-text p-last-0\">\n          <div class=\"star-rating\" role=\"img\" aria-label=\"Rated 5 out of 5\"><span style=\"width:100%\"><strong class=\"rating\"><\/strong><\/span><\/div>  \t\t\t\t<div class=\"testimonial-text line-height-small italic test_text first-reset last-reset is-italic\">\n            \n\n<h3>FLAVIU O.<\/h3>\n<p>Calitate \u0219i servicii de top!<\/p>\n<div class=\"is-divider divider clearfix\" ><\/div>\n\n\n          <\/div>\n          <div class=\"testimonial-meta pt-half\">\n             <strong class=\"testimonial-name test_name\"><\/strong>\n                          <span class=\"testimonial-company test_company\"><\/span>\n          <\/div>\n        <\/div>\n  <\/div>\n\n  \n  <div class=\"icon-box testimonial-box icon-box-left text-left\">\n                <div class=\"icon-box-text p-last-0\">\n          <div class=\"star-rating\" role=\"img\" aria-label=\"Rated 5 out of 5\"><span style=\"width:100%\"><strong class=\"rating\"><\/strong><\/span><\/div>  \t\t\t\t<div class=\"testimonial-text line-height-small italic test_text first-reset last-reset is-italic\">\n            \n\n<h3>DAVID K.<\/h3>\n<p>Sunt profesioni\u0219ti \u00een ceea ce fac, m\u0103 bucur ca am g\u0103sit acest hidden gem.Costume superbe \u0219i modele de ceremonie cum nu am v\u0103zut nic\u0103ieri. Domni\u0219oara din magazin este foarte amabil\u0103 \u0219i \u0219tie meserie. Tineti-o tot a\u0219a! O sa revenim cu siguran\u021b\u0103.<\/p>\n\n          <\/div>\n          <div class=\"testimonial-meta pt-half\">\n             <strong class=\"testimonial-name test_name\"><\/strong>\n                          <span class=\"testimonial-company test_company\"><\/span>\n          <\/div>\n        <\/div>\n  <\/div>","protected":false},"excerpt":{"rendered":"","protected":false},"author":1,"featured_media":19,"parent":54,"menu_order":0,"comment_status":"closed","ping_status":"closed","template":"page-transparent-header-light.php","meta":{"footnotes":""},"class_list":["post-93","page","type-page","status-publish","has-post-thumbnail","hentry"],"_hostinger_reach_plugin_has_subscription_block":false,"_hostinger_reach_plugin_is_elementor":false,"jetpack_sharing_enabled":true,"_links":{"self":[{"href":"https:\/\/iconicmen.ro\/ro\/wp-json\/wp\/v2\/pages\/93","targetHints":{"allow":["GET"]}}],"collection":[{"href":"https:\/\/iconicmen.ro\/ro\/wp-json\/wp\/v2\/pages"}],"about":[{"href":"https:\/\/iconicmen.ro\/ro\/wp-json\/wp\/v2\/types\/page"}],"author":[{"embeddable":true,"href":"https:\/\/iconicmen.ro\/ro\/wp-json\/wp\/v2\/users\/1"}],"replies":[{"embeddable":true,"href":"https:\/\/iconicmen.ro\/ro\/wp-json\/wp\/v2\/comments?post=93"}],"version-history":[{"count":14,"href":"https:\/\/iconicmen.ro\/ro\/wp-json\/wp\/v2\/pages\/93\/revisions"}],"predecessor-version":[{"id":685,"href":"https:\/\/iconicmen.ro\/ro\/wp-json\/wp\/v2\/pages\/93\/revisions\/685"}],"up":[{"embeddable":true,"href":"https:\/\/iconicmen.ro\/ro\/wp-json\/wp\/v2\/pages\/54"}],"wp:featuredmedia":[{"embeddable":true,"href":"https:\/\/iconicmen.ro\/ro\/wp-json\/wp\/v2\/media\/19"}],"wp:attachment":[{"href":"https:\/\/iconicmen.ro\/ro\/wp-json\/wp\/v2\/media?parent=93"}],"curies":[{"name":"wp","href":"https:\/\/api.w.org\/{rel}","templated":true}]}}