{"id":91,"date":"2013-08-11T19:22:53","date_gmt":"2013-08-11T19:22:53","guid":{"rendered":"http:\/\/localhost:8888\/test\/?page_id=532"},"modified":"2026-05-15T08:48:33","modified_gmt":"2026-05-15T06:48:33","slug":"contact","status":"publish","type":"page","link":"https:\/\/iconicmen.ro\/ro\/elements\/pages\/contact\/","title":{"rendered":"Contact"},"content":{"rendered":"\n<div class=\"row\"  id=\"row-2072575342\">\n\n\n\t<div id=\"col-597687067\" class=\"col large-12\"  >\n\t\t\t\t<div class=\"col-inner\"  >\n\t\t\t\n\t\t\t\n\n\n\t<script type=\"text\/javascript\">\n  jQuery( document ).ready(function() {\n    function initialize() {\n        var styles = {\n            'flatsome':  [{\n            \"featureType\": \"administrative\",\n            \"stylers\": [\n              { \"visibility\": \"on\" }\n            ]\n          },\n          {\n            \"featureType\": \"road\",\n            \"stylers\": [\n              { \"visibility\": \"on\" },\n              { \"hue\": \"\" }\n            ]\n          },\n          {\n            \"stylers\": [\n\t\t\t  { \"visibility\": \"on\" },\n\t\t\t  { \"hue\": \"\" },\n\t\t\t  { \"saturation\": -30 }\n            ]\n          }\n        ]};\n\n        var myLatlng = new google.maps.LatLng(47.038830756093, 21.943225726433);\n        var myOptions = {\n            zoom: 17,\n            center: myLatlng,\n            mapTypeId: google.maps.MapTypeId.ROADMAP,\n            disableDefaultUI: true,\n            mapTypeId: 'flatsome',\n            draggable: true,\n            zoomControl: false,\n            zoomControlOptions: {\n              position: google.maps.ControlPosition.TOP_LEFT\n            },\n      \t\t\tmapTypeControl: false,\n            mapTypeControlOptions: {\n              position: google.maps.ControlPosition.TOP_LEFT\n            },\n      \t\t\tstreetViewControl: false,\n            streetViewControlOptions: {\n              position: google.maps.ControlPosition.TOP_LEFT\n            },\n            scrollwheel: false,\n            disableDoubleClickZoom: true\n        }\n        var map = new google.maps.Map(document.getElementById(\"map-1025066590-inner\"), myOptions);\n        var styledMapType = new google.maps.StyledMapType(styles['flatsome'], {name: 'flatsome'});\n        map.mapTypes.set('flatsome', styledMapType);\n\n        var marker = new google.maps.Marker({\n            position: myLatlng,\n            map: map,\n            title:\"\"\n        });\n    }\n\n    \/\/ Required to proceed\n    if (!(typeof google === 'object' && typeof google.maps === 'object')) {\n      return\n    }\n\n    initialize()\n    google.maps.event.addDomListener(window, 'resize', initialize);\n    });\n    <\/script>\n\n    <div class=\"google-map relative mb\" id=\"map-1025066590\">\n        <div class=\"map-height\" id=\"map-1025066590-inner\"><\/div>\n        <div id=\"map_overlay_top\"><\/div>\n        <div id=\"map_overlay_bottom\"><\/div>\n                  <div class=\"map_inner map-inner last-reset absolute x100 md-x95 lg-x95 y100 md-y95 lg-y95\">\n              \n\n<p>Str. Nuf\u0103rului nr.10<\/p>\n<p>Oradea<\/p>\n<p>Romania<\/p>\n\n         <\/div>\n       \n       \n<style>\n#map-1025066590 .map-inner {\n  background-color: #fff;\n  max-width: 100%;\n}\n#map-1025066590 .map-height {\n  height: 400px;\n}\n@media (min-width:550px) {\n  #map-1025066590 .map-inner {\n    max-width: 40%;\n  }\n}\n@media (min-width:850px) {\n  #map-1025066590 .map-inner {\n    max-width: 30%;\n  }\n}\n<\/style>\n    <\/div>\n\n\t\n<div class=\"container section-title-container\" ><h3 class=\"section-title section-title-normal\"><b aria-hidden=\"true\"><\/b><span class=\"section-title-main\" >Contacteaz\u0103-ne<\/span><b aria-hidden=\"true\"><\/b><\/h3><\/div>\n\n\t<div id=\"text-3176169251\" class=\"text\">\n\t\t\n\n<p>Ne g\u0103se\u0219ti \u00een magazinul nostru fizic din Oradea, unde te a\u0219tept\u0103m <em><strong>cu consultan\u021b\u0103 dedicat\u0103 \u0219i experien\u021b\u0103 premium \u00een alegerea \u021binutei potrivite<\/strong><\/em>.<\/p>\n<p>Adresa &#8211; <strong>Oradea, str. NUF\u0102RULUI nr.10<\/strong><\/p>\n<p>Orar de func\u021bionare<\/p>\n<p><strong>Luni &#8211; Vineri &#8211; 10 &#8211; 18<\/strong><\/p>\n<p><strong>S\u00e2mb\u0103t\u0103 &#8211; 10 &#8211; 13<\/strong><\/p>\n<p>\u00a0<\/p>\n<p><strong>Comenzile plasate online pot fi ridicate \u0219i personal direct din magazin (cu programare prealabil\u0103)<\/strong><\/p>\n<p>\u00a0<\/p>\n<p>Pentru orice informa\u021bii suplimentare, ne po\u021bi scrie direct la adresa de email &#8211; <strong>info@iconicmen.ro<\/strong><\/p>\n\t\t\n<style>\n#text-3176169251 {\n  color: #a38560;\n}\n#text-3176169251 > * {\n  color: #a38560;\n}\n<\/style>\n\t<\/div>\n\t\n\n\t\t<\/div>\n\t\t\t\t\t<\/div>\n\n\t\n\n<\/div>\n<p>\u00a0<\/p>\n\n","protected":false},"excerpt":{"rendered":"","protected":false},"author":1,"featured_media":19,"parent":54,"menu_order":0,"comment_status":"closed","ping_status":"closed","template":"page-blank.php","meta":{"footnotes":""},"class_list":["post-91","page","type-page","status-publish","has-post-thumbnail","hentry"],"_hostinger_reach_plugin_has_subscription_block":false,"_hostinger_reach_plugin_is_elementor":false,"jetpack_sharing_enabled":true,"_links":{"self":[{"href":"https:\/\/iconicmen.ro\/ro\/wp-json\/wp\/v2\/pages\/91","targetHints":{"allow":["GET"]}}],"collection":[{"href":"https:\/\/iconicmen.ro\/ro\/wp-json\/wp\/v2\/pages"}],"about":[{"href":"https:\/\/iconicmen.ro\/ro\/wp-json\/wp\/v2\/types\/page"}],"author":[{"embeddable":true,"href":"https:\/\/iconicmen.ro\/ro\/wp-json\/wp\/v2\/users\/1"}],"replies":[{"embeddable":true,"href":"https:\/\/iconicmen.ro\/ro\/wp-json\/wp\/v2\/comments?post=91"}],"version-history":[{"count":12,"href":"https:\/\/iconicmen.ro\/ro\/wp-json\/wp\/v2\/pages\/91\/revisions"}],"predecessor-version":[{"id":672,"href":"https:\/\/iconicmen.ro\/ro\/wp-json\/wp\/v2\/pages\/91\/revisions\/672"}],"up":[{"embeddable":true,"href":"https:\/\/iconicmen.ro\/ro\/wp-json\/wp\/v2\/pages\/54"}],"wp:featuredmedia":[{"embeddable":true,"href":"https:\/\/iconicmen.ro\/ro\/wp-json\/wp\/v2\/media\/19"}],"wp:attachment":[{"href":"https:\/\/iconicmen.ro\/ro\/wp-json\/wp\/v2\/media?parent=91"}],"curies":[{"name":"wp","href":"https:\/\/api.w.org\/{rel}","templated":true}]}}