{"id":677,"date":"2026-05-15T09:37:58","date_gmt":"2026-05-15T07:37:58","guid":{"rendered":"https:\/\/iconicmen.ro\/?page_id=677"},"modified":"2026-05-15T09:58:15","modified_gmt":"2026-05-15T07:58:15","slug":"our-store","status":"publish","type":"page","link":"https:\/\/iconicmen.ro\/ro\/our-store\/","title":{"rendered":"Our store"},"content":{"rendered":"<div class=\"slider-wrapper relative\" id=\"slider-2135591389\" >\n    <div class=\"slider slider-nav-simple slider-nav-normal slider-nav-light slider-style-normal slider-show-nav\"\n        data-flickity-options='{            \"cellAlign\": \"center\",            \"imagesLoaded\": true,            \"lazyLoad\": 1,            \"freeScroll\": false,            \"wrapAround\": false,            \"autoPlay\": 6000,            \"pauseAutoPlayOnHover\" : true,            \"prevNextButtons\": true,            \"contain\" : true,            \"adaptiveHeight\" : true,            \"dragThreshold\" : 10,            \"percentPosition\": true,            \"pageDots\": false,            \"rightToLeft\": false,            \"draggable\": true,            \"selectedAttraction\": 0.1,            \"parallax\" : 2,            \"friction\": 0.6        }'\n        >\n        \n\n\n  <div class=\"banner has-hover is-full-height\" id=\"banner-1424252201\">\n          <div class=\"banner-inner fill\">\n        <div class=\"banner-bg fill\" >\n                                    <div class=\"overlay\"><\/div>            \n                    <\/div>\n\t\t\n        <div class=\"banner-layers container\">\n            <div class=\"fill banner-link\"><\/div>            \n\n   <div id=\"text-box-1040975944\" class=\"text-box banner-layer x5 md-x5 lg-x5 y95 md-y95 lg-y95 res-text\">\n                                <div class=\"text-box-content text dark\">\n              \n              <div class=\"text-inner text-left\">\n                  \n\n\t<div id=\"text-1380856727\" class=\"text\">\n\t\t\n\n<h4 class=\"uppercase\"><span style=\"font-size: 100%;\"><strong>Bun Venit la iconic men loca\u021bia din oradea<\/strong><\/span><\/h4>\n<p class=\"p1\">Magazinul ICONIC MEN este un boutique cochet, de peste 60 mp, g\u00e2ndit ca un <strong>spa\u021biu dedicat elegan\u021bei masculine \u0219i experien\u021bei de cump\u0103rare relaxate<\/strong>. Costume variate sunt atent expuse, \u00eentr-un cadru aerisit, unde fiecare detaliu contribuie la o atmosfer\u0103 de bun gust \u0219i rafinament.<\/p>\n<p class=\"p1\">Spa\u021biul include <strong>mai multe cabine de prob\u0103, zone generoase pentru prob\u0103 \u0219i lumin\u0103 natural\u0103 care pune \u00een valoare fiecare pies\u0103<\/strong>.<\/p>\n<p class=\"p1\">Pentru confortul vizitei, am creat \u0219i un col\u021b dedicat \u00eenso\u021bitorilor, cu canapea, astfel \u00eenc\u00e2t alegerea \u021binutei s\u0103 fie o experien\u021b\u0103 pl\u0103cut\u0103 pentru to\u021bi.<\/p>\n<p class=\"p1\"><strong>ICONIC MEN \u00eenseamn\u0103 mai mult dec\u00e2t un magazin \u2014 este un loc \u00een care ai lini\u0219tea necesar\u0103 s\u0103 alegi, s\u0103 probezi \u0219i s\u0103 decizi \u00een ritmul t\u0103u.<\/strong><\/p>\n<p>\u00a0<\/p>\n<p>Oradea, str.NUF\u0102RULUI nr.10<\/p>\n<p>Luni &#8211; Vineri &#8211; 10 &#8211; 18<\/p>\n<p>S\u00e2mb\u0103t\u0103 &#8211; 10 &#8211; 13<\/p>\n\t\t\n<style>\n#text-1380856727 {\n  font-size: 0.75rem;\n  text-align: left;\n}\n<\/style>\n\t<\/div>\n\t\n<a data-animate=\"bounceIn\" href=\"https:\/\/www.google.com\/maps\/place\/Costume+b%C4%83rba%C8%9Bi+ICONIC+MEN+Oradea\/@47.0387467,21.9406401,17z\/data=!4m14!1m7!3m6!1s0x4746470dd014d4c1:0x3c4b462846b6faef!2sCostume+b%C4%83rba%C8%9Bi+ICONIC+MEN+Oradea!8m2!3d47.0387467!4d21.943215!16s%2Fg%2F11h5_vypx7!3m5!1s0x4746470dd014d4c1:0x3c4b462846b6faef!8m2!3d47.0387467!4d21.943215!16s%2Fg%2F11h5_vypx7?entry=ttu&#038;g_ep=EgoyMDI2MDUxMi4wIKXMDSoASAFQAw%3D%3D\" class=\"button secondary\" style=\"border-radius:40px;\">\n\t\t<span>Visit us<\/span>\n\t<\/a>\n\n\n\n              <\/div>\n           <\/div>\n                            \n<style>\n#text-box-1040975944 {\n  width: 78%;\n}\n#text-box-1040975944 .text-box-content {\n  font-size: 125%;\n}\n@media (min-width:550px) {\n  #text-box-1040975944 {\n    width: 56%;\n  }\n  #text-box-1040975944 .text-box-content {\n    font-size: 100%;\n  }\n}\n<\/style>\n    <\/div>\n \n\n        <\/div>\n      <\/div>\n\n            \n<style>\n#banner-1424252201 {\n  padding-top: 100%;\n}\n#banner-1424252201 .overlay {\n  background-color: rgba(0, 0, 0, 0.17);\n}\n<\/style>\n  <\/div>\n\n\n\n  <div class=\"banner has-hover is-full-height\" id=\"banner-86464728\">\n          <div class=\"banner-inner fill\">\n        <div class=\"banner-bg fill\" >\n                                    <div class=\"overlay\"><\/div>            \n                    <\/div>\n\t\t\n        <div class=\"banner-layers container\">\n            <div class=\"fill banner-link\"><\/div>            \n\n   <div id=\"text-box-421803598\" class=\"text-box banner-layer x5 md-x5 lg-x5 y80 md-y80 lg-y80 res-text\">\n                                <div class=\"text-box-content text dark\">\n              \n              <div class=\"text-inner text-left\">\n                  \n\n<h2 class=\"uppercase\"><strong>Welcome to our Fashion shop<\/strong><\/h2>\n<p>Lorem ipsum dolor sit amet, consectetuer adipiscing elit, sed diam nonummy nibh euismod tincidunt ut laoreet dolore magna aliquam erat volutpat.<\/p>\n<a class=\"button white\" >\n\t\t<span>Click me!<\/span>\n\t<\/a>\n\n\n\n              <\/div>\n           <\/div>\n                            \n<style>\n#text-box-421803598 {\n  width: 78%;\n}\n#text-box-421803598 .text-box-content {\n  font-size: 125%;\n}\n@media (min-width:550px) {\n  #text-box-421803598 {\n    width: 45%;\n  }\n  #text-box-421803598 .text-box-content {\n    font-size: 100%;\n  }\n}\n<\/style>\n    <\/div>\n \n\n        <\/div>\n      <\/div>\n\n            \n<style>\n#banner-86464728 {\n  padding-top: 100%;\n}\n#banner-86464728 .overlay {\n  background-color: rgba(0, 0, 0, 0.17);\n}\n#banner-86464728 .banner-bg img {\n  object-position: 62% 18%;\n}\n<\/style>\n  <\/div>\n\n\n\n  <div class=\"banner has-hover is-full-height\" id=\"banner-1011888001\">\n          <div class=\"banner-inner fill\">\n        <div class=\"banner-bg fill\" >\n                                    <div class=\"overlay\"><\/div>            \n                    <\/div>\n\t\t\n        <div class=\"banner-layers container\">\n            <div class=\"fill banner-link\"><\/div>            \n\n   <div id=\"text-box-1670918370\" class=\"text-box banner-layer x5 md-x5 lg-x5 y80 md-y80 lg-y80 res-text\">\n                                <div class=\"text-box-content text dark\">\n              \n              <div class=\"text-inner text-left\">\n                  \n\n<h2 class=\"uppercase\"><strong>Welcome to our Fashion shop<\/strong><\/h2>\n<p>Lorem ipsum dolor sit amet, consectetuer adipiscing elit, sed diam nonummy nibh euismod tincidunt ut laoreet dolore magna aliquam erat volutpat.<\/p>\n<a class=\"button white\" >\n\t\t<span>Click me!<\/span>\n\t<\/a>\n\n\n\n              <\/div>\n           <\/div>\n                            \n<style>\n#text-box-1670918370 {\n  width: 78%;\n}\n#text-box-1670918370 .text-box-content {\n  font-size: 125%;\n}\n@media (min-width:550px) {\n  #text-box-1670918370 {\n    width: 45%;\n  }\n  #text-box-1670918370 .text-box-content {\n    font-size: 100%;\n  }\n}\n<\/style>\n    <\/div>\n \n\n        <\/div>\n      <\/div>\n\n            \n<style>\n#banner-1011888001 {\n  padding-top: 100%;\n}\n#banner-1011888001 .overlay {\n  background-color: rgba(0, 0, 0, 0.17);\n}\n#banner-1011888001 .banner-bg img {\n  object-position: 74% 14%;\n}\n<\/style>\n  <\/div>\n\n\n\n     <\/div>\n\n     <div class=\"loading-spin dark large centered\"><\/div>\n\n\t<\/div>","protected":false},"excerpt":{"rendered":"","protected":false},"author":1,"featured_media":0,"parent":0,"menu_order":0,"comment_status":"closed","ping_status":"closed","template":"page-transparent-header-light.php","meta":{"footnotes":""},"class_list":["post-677","page","type-page","status-publish","hentry"],"_hostinger_reach_plugin_has_subscription_block":false,"_hostinger_reach_plugin_is_elementor":false,"jetpack_sharing_enabled":true,"_links":{"self":[{"href":"https:\/\/iconicmen.ro\/ro\/wp-json\/wp\/v2\/pages\/677","targetHints":{"allow":["GET"]}}],"collection":[{"href":"https:\/\/iconicmen.ro\/ro\/wp-json\/wp\/v2\/pages"}],"about":[{"href":"https:\/\/iconicmen.ro\/ro\/wp-json\/wp\/v2\/types\/page"}],"author":[{"embeddable":true,"href":"https:\/\/iconicmen.ro\/ro\/wp-json\/wp\/v2\/users\/1"}],"replies":[{"embeddable":true,"href":"https:\/\/iconicmen.ro\/ro\/wp-json\/wp\/v2\/comments?post=677"}],"version-history":[{"count":5,"href":"https:\/\/iconicmen.ro\/ro\/wp-json\/wp\/v2\/pages\/677\/revisions"}],"predecessor-version":[{"id":682,"href":"https:\/\/iconicmen.ro\/ro\/wp-json\/wp\/v2\/pages\/677\/revisions\/682"}],"wp:attachment":[{"href":"https:\/\/iconicmen.ro\/ro\/wp-json\/wp\/v2\/media?parent=677"}],"curies":[{"name":"wp","href":"https:\/\/api.w.org\/{rel}","templated":true}]}}