{"id":36,"date":"2016-08-04T11:15:19","date_gmt":"2016-08-04T11:15:19","guid":{"rendered":"http:\/\/flatsome.dev\/?page_id=8412"},"modified":"2026-05-15T09:35:12","modified_gmt":"2026-05-15T07:35:12","slug":"why-iconic-men","status":"publish","type":"page","link":"https:\/\/iconicmen.ro\/ro\/elements\/pages\/why-iconic-men\/","title":{"rendered":"Why ICONIC MEN"},"content":{"rendered":"<div class=\"banner has-hover\" id=\"banner-2033438086\">\n          <div class=\"banner-inner fill\">\n        <div class=\"banner-bg fill\" >\n                                    <div class=\"overlay\"><\/div>            \n                    <\/div>\n\t\t\n        <div class=\"banner-layers container\">\n            <div class=\"fill banner-link\"><\/div>            \n\n   <div id=\"text-box-1420876631\" class=\"text-box banner-layer text-box-circle x50 md-x50 lg-x50 y50 md-y50 lg-y50 res-text\">\n                                <div class=\"text-box-content text dark\">\n              \n              <div class=\"text-inner text-center\">\n                  \n\n\t<div id=\"text-1485255624\" class=\"text\">\n\t\t\n\n<h3>WHY<\/h3>\n<h3>ICONIC\u00a0<\/h3>\n<h3>MEN<\/h3>\n\t\t\n<style>\n#text-1485255624 {\n  font-size: 1.1rem;\n  text-align: center;\n  color: #a38560;\n}\n#text-1485255624 > * {\n  color: #a38560;\n}\n@media (min-width:550px) {\n  #text-1485255624 {\n    font-size: 1.1rem;\n  }\n}\n@media (min-width:850px) {\n  #text-1485255624 {\n    font-size: 1.1rem;\n  }\n}\n<\/style>\n\t<\/div>\n\t\n\n              <\/div>\n           <\/div>\n                            \n<style>\n#text-box-1420876631 {\n  width: 60%;\n}\n#text-box-1420876631 .text-box-content {\n  font-size: 100%;\n}\n@media (min-width:550px) {\n  #text-box-1420876631 {\n    width: 28%;\n  }\n}\n<\/style>\n    <\/div>\n \n\n        <\/div>\n      <\/div>\n\n            \n<style>\n#banner-2033438086 {\n  padding-top: 300px;\n}\n#banner-2033438086 .overlay {\n  background-color: rgba(0, 0, 0, 0.2);\n}\n<\/style>\n  <\/div>\n\n\n<div class=\"row\"  id=\"row-1180448925\">\n\n\n\t<div id=\"col-1986788898\" class=\"col small-12 large-12\"  >\n\t\t\t\t<div class=\"col-inner\"  >\n\t\t\t\n\t\t\t\n\n\t<div id=\"text-1249552602\" class=\"text\">\n\t\t\n\n<p>De ce tot mai mul\u021bi b\u0103rba\u021bi aleg Iconic Men pentru costume elegante, \u021binute premium \u0219i accesorii masculine create pentru evenimente, business \u0219i stil smart casual?<\/p>\n<p>\u00a0<\/p>\n<p>La Iconic Men, credem c\u0103 elegan\u021ba masculin\u0103 \u00eenseamn\u0103 mai mult dec\u00e2t un outfit bine ales. Fiecare colec\u021bie este selectat\u0103 cu aten\u021bie pentru b\u0103rba\u021bii care apreciaz\u0103 calitatea, croielile moderne \u0219i detaliile care fac diferen\u021ba.<\/p>\n\t\t\n<style>\n#text-1249552602 {\n  text-align: center;\n}\n<\/style>\n\t<\/div>\n\t\n\n\t\t<\/div>\n\t\t\t\t\t<\/div>\n\n\t\n\n<\/div>\n<div class=\"slider-wrapper relative\" id=\"slider-2120970910\" >\n    <div class=\"slider slider-nav-circle slider-nav-large slider-nav-light slider-style-normal\"\n        data-flickity-options='{            \"cellAlign\": \"center\",            \"imagesLoaded\": true,            \"lazyLoad\": 1,            \"freeScroll\": false,            \"wrapAround\": true,            \"autoPlay\": 6000,            \"pauseAutoPlayOnHover\" : true,            \"prevNextButtons\": true,            \"contain\" : true,            \"adaptiveHeight\" : true,            \"dragThreshold\" : 10,            \"percentPosition\": true,            \"pageDots\": true,            \"rightToLeft\": false,            \"draggable\": true,            \"selectedAttraction\": 0.1,            \"parallax\" : 0,            \"friction\": 0.6        }'\n        >\n        \n\n<div class=\"row\"  id=\"row-594898824\">\n\n\n\t<div id=\"col-1080250551\" class=\"col medium-4 small-12 large-4\"  >\n\t\t\t\t<div class=\"col-inner\"  >\n\t\t\t\n\t\t\t\n\n\n  <div class=\"banner has-hover\" id=\"banner-1180991582\">\n          <div class=\"banner-inner fill\">\n        <div class=\"banner-bg fill\" >\n            <img loading=\"lazy\" decoding=\"async\" width=\"600\" height=\"800\" src=\"https:\/\/iconicmen.ro\/wp-content\/uploads\/2026\/02\/Costum-Bruno-negru-sclipici-600x800.jpg\" class=\"bg attachment-large size-large\" alt=\"\" \/>                        <div class=\"overlay\"><\/div>            \n                    <\/div>\n\t\t\n        <div class=\"banner-layers container\">\n            <div class=\"fill banner-link\"><\/div>            \n\n   <div id=\"text-box-255144573\" class=\"text-box banner-layer text-box-circle x100 md-x100 lg-x100 y100 md-y100 lg-y100 res-text\">\n                                <div class=\"text-box-content text box-shadow-3 dark\">\n              \n              <div class=\"text-inner text-center\">\n                  \n\n\t<div id=\"text-1949230783\" class=\"text\">\n\t\t\n\n<h4 class=\"uppercase thin-font\">Elegance. Presence. Confidence.<\/h4>\n<p data-start=\"60\" data-end=\"146\">Mai mult dec\u00e2t un costum \u2014 o experien\u021b\u0103 construit\u0103 \u00een jurul stilului masculin premium.<\/p>\n<p>\u00a0<\/p>\n\t\t\n<style>\n#text-1949230783 {\n  font-size: 0.75rem;\n  line-height: 1;\n  text-align: center;\n  color: #a38560;\n}\n#text-1949230783 > * {\n  color: #a38560;\n}\n<\/style>\n\t<\/div>\n\t\n\n              <\/div>\n           <\/div>\n                            \n<style>\n#text-box-255144573 .text-box-content {\n  background-color: rgba(0, 0, 0, 0.86);\n  font-size: 100%;\n}\n#text-box-255144573 .text-inner {\n  padding: 30px 30px 30px 30px;\n}\n#text-box-255144573 {\n  width: 60%;\n}\n@media (min-width:550px) {\n  #text-box-255144573 {\n    width: 70%;\n  }\n}\n<\/style>\n    <\/div>\n \n\n        <\/div>\n      <\/div>\n\n            \n<style>\n#banner-1180991582 {\n  padding-top: 500px;\n}\n#banner-1180991582 .overlay {\n  background-color: rgba(0, 0, 0, 0.2);\n}\n<\/style>\n  <\/div>\n\n\n\n\t\t<\/div>\n\t\t\t\t\t<\/div>\n\n\t\n\n\t<div id=\"col-2002297431\" class=\"col medium-4 small-12 large-4\"  >\n\t\t\t\t<div class=\"col-inner\"  >\n\t\t\t\n\t\t\t\n\n\n  <div class=\"banner has-hover\" id=\"banner-1122318578\">\n          <div class=\"banner-inner fill\">\n        <div class=\"banner-bg fill\" >\n            <img loading=\"lazy\" decoding=\"async\" width=\"600\" height=\"800\" src=\"https:\/\/iconicmen.ro\/wp-content\/uploads\/2026\/05\/IMG_2495-600x800.jpg\" class=\"bg attachment-large size-large\" alt=\"\" \/>                        <div class=\"overlay\"><\/div>            \n                    <\/div>\n\t\t\n        <div class=\"banner-layers container\">\n            <div class=\"fill banner-link\"><\/div>            \n\n   <div id=\"text-box-352698327\" class=\"text-box banner-layer text-box-circle x100 md-x100 lg-x100 y100 md-y100 lg-y100 res-text\">\n                                <div class=\"text-box-content text box-shadow-3 dark\">\n              \n              <div class=\"text-inner text-center\">\n                  \n\n\t<div id=\"text-2859886695\" class=\"text\">\n\t\t\n\n<p>CONSULTAN\u021a\u0102 PERSONALIZAT\u0102<\/p>\n<p>Te ajut\u0103m s\u0103 alegi \u021binuta potrivit\u0103 conforma\u021biei, stilului \u0219i evenimentului t\u0103u.<\/p>\n\t\t\n<style>\n#text-2859886695 {\n  font-size: 0.95rem;\n  line-height: 1;\n  text-align: center;\n  color: #a38560;\n}\n#text-2859886695 > * {\n  color: #a38560;\n}\n<\/style>\n\t<\/div>\n\t\n\n              <\/div>\n           <\/div>\n                            \n<style>\n#text-box-352698327 .text-box-content {\n  background-color: rgba(0, 0, 0, 0.86);\n  font-size: 100%;\n}\n#text-box-352698327 .text-inner {\n  padding: 30px 30px 30px 30px;\n}\n#text-box-352698327 {\n  width: 60%;\n}\n@media (min-width:550px) {\n  #text-box-352698327 {\n    width: 70%;\n  }\n}\n<\/style>\n    <\/div>\n \n\n        <\/div>\n      <\/div>\n\n            \n<style>\n#banner-1122318578 {\n  padding-top: 500px;\n}\n#banner-1122318578 .overlay {\n  background-color: rgba(0, 0, 0, 0.2);\n}\n<\/style>\n  <\/div>\n\n\n\n\t\t<\/div>\n\t\t\t\t\t<\/div>\n\n\t\n\n\t<div id=\"col-678598405\" class=\"col medium-4 small-12 large-4\"  >\n\t\t\t\t<div class=\"col-inner\"  >\n\t\t\t\n\t\t\t\n\n\n  <div class=\"banner has-hover\" id=\"banner-1481634124\">\n          <div class=\"banner-inner fill\">\n        <div class=\"banner-bg fill\" >\n            <img loading=\"lazy\" decoding=\"async\" width=\"701\" height=\"800\" src=\"https:\/\/iconicmen.ro\/wp-content\/uploads\/2026\/05\/eZy-Watermark_16-01-2026_02-55-01-4030PM-e1778832896327-701x800.jpg\" class=\"bg attachment-large size-large\" alt=\"\" \/>                        <div class=\"overlay\"><\/div>            \n                    <\/div>\n\t\t\n        <div class=\"banner-layers container\">\n            <div class=\"fill banner-link\"><\/div>            \n\n   <div id=\"text-box-428665376\" class=\"text-box banner-layer text-box-circle x100 md-x100 lg-x100 y100 md-y100 lg-y100 res-text\">\n                                <div class=\"text-box-content text box-shadow-3 dark\">\n              \n              <div class=\"text-inner text-center\">\n                  \n\n\t<div id=\"text-3392681135\" class=\"text\">\n\t\t\n\n<h3>CROIELI MODERNE<\/h3>\n<p data-start=\"290\" data-end=\"369\">Costume atent selec\u021bionate, cu fit contemporan \u0219i elegan\u021b\u0103 masculin\u0103 autentic\u0103.<\/p>\n<p>\u00a0<\/p>\n\t\t\n<style>\n#text-3392681135 {\n  font-size: 0.75rem;\n  line-height: 1.15;\n  color: #a38560;\n}\n#text-3392681135 > * {\n  color: #a38560;\n}\n<\/style>\n\t<\/div>\n\t\n\n              <\/div>\n           <\/div>\n                            \n<style>\n#text-box-428665376 .text-box-content {\n  background-color: rgba(0, 0, 0, 0.86);\n  font-size: 100%;\n}\n#text-box-428665376 .text-inner {\n  padding: 30px 30px 30px 30px;\n}\n#text-box-428665376 {\n  width: 60%;\n}\n@media (min-width:550px) {\n  #text-box-428665376 {\n    width: 70%;\n  }\n}\n<\/style>\n    <\/div>\n \n\n        <\/div>\n      <\/div>\n\n            \n<style>\n#banner-1481634124 {\n  padding-top: 500px;\n}\n#banner-1481634124 .overlay {\n  background-color: rgba(0, 0, 0, 0.2);\n}\n<\/style>\n  <\/div>\n\n\n\n\t\t<\/div>\n\t\t\t\t\t<\/div>\n\n\t\n\n<\/div>\n\n     <\/div>\n\n     <div class=\"loading-spin dark large centered\"><\/div>\n\n\t<\/div>\n\n\n<div class=\"slider-wrapper relative\" id=\"slider-1934668965\" >\n    <div class=\"slider slider-nav-circle slider-nav-large slider-nav-light slider-style-normal\"\n        data-flickity-options='{            \"cellAlign\": \"center\",            \"imagesLoaded\": true,            \"lazyLoad\": 1,            \"freeScroll\": false,            \"wrapAround\": true,            \"autoPlay\": 6000,            \"pauseAutoPlayOnHover\" : true,            \"prevNextButtons\": true,            \"contain\" : true,            \"adaptiveHeight\" : true,            \"dragThreshold\" : 10,            \"percentPosition\": true,            \"pageDots\": true,            \"rightToLeft\": false,            \"draggable\": true,            \"selectedAttraction\": 0.1,            \"parallax\" : 0,            \"friction\": 0.6        }'\n        >\n        \n\n<div class=\"row\"  id=\"row-549936405\">\n\n\n\t<div id=\"col-1113206801\" class=\"col medium-4 small-12 large-4\"  >\n\t\t\t\t<div class=\"col-inner\"  >\n\t\t\t\n\t\t\t\n\n\n  <div class=\"banner has-hover\" id=\"banner-759955877\">\n          <div class=\"banner-inner fill\">\n        <div class=\"banner-bg fill\" >\n            <img loading=\"lazy\" decoding=\"async\" width=\"600\" height=\"800\" src=\"https:\/\/iconicmen.ro\/wp-content\/uploads\/2026\/05\/eZy-Watermark_14-01-2026_02-17-57-9880PM-600x800.jpg\" class=\"bg attachment-large size-large\" alt=\"\" \/>                        <div class=\"overlay\"><\/div>            \n                    <\/div>\n\t\t\n        <div class=\"banner-layers container\">\n            <div class=\"fill banner-link\"><\/div>            \n\n   <div id=\"text-box-1228162689\" class=\"text-box banner-layer text-box-circle x0 md-x0 lg-x0 y100 md-y100 lg-y100 res-text\">\n                                <div class=\"text-box-content text box-shadow-3 dark\">\n              \n              <div class=\"text-inner text-center\">\n                  \n\n\t<div id=\"text-1954268117\" class=\"text\">\n\t\t\n\n<p>\u021aINUTE COMPLETE<\/p>\n<p data-start=\"494\" data-end=\"558\">De la costum la accesorii \u2014 tot ce ai nevoie \u00eentr-un singur loc.<\/p>\n\t\t\n<style>\n#text-1954268117 {\n  font-size: 1rem;\n  line-height: 1;\n  text-align: center;\n  color: #a38560;\n}\n#text-1954268117 > * {\n  color: #a38560;\n}\n<\/style>\n\t<\/div>\n\t\n\n              <\/div>\n           <\/div>\n                            \n<style>\n#text-box-1228162689 .text-box-content {\n  background-color: rgba(0, 0, 0, 0.86);\n  font-size: 100%;\n}\n#text-box-1228162689 .text-inner {\n  padding: 30px 30px 30px 30px;\n}\n#text-box-1228162689 {\n  width: 60%;\n}\n@media (min-width:550px) {\n  #text-box-1228162689 {\n    width: 70%;\n  }\n}\n<\/style>\n    <\/div>\n \n\n        <\/div>\n      <\/div>\n\n            \n<style>\n#banner-759955877 {\n  padding-top: 500px;\n}\n#banner-759955877 .overlay {\n  background-color: rgba(0, 0, 0, 0.2);\n}\n<\/style>\n  <\/div>\n\n\n\n\t\t<\/div>\n\t\t\t\t\t<\/div>\n\n\t\n\n\t<div id=\"col-1841156600\" class=\"col medium-4 small-12 large-4\"  >\n\t\t\t\t<div class=\"col-inner\"  >\n\t\t\t\n\t\t\t\n\n\n  <div class=\"banner has-hover\" id=\"banner-819755903\">\n          <div class=\"banner-inner fill\">\n        <div class=\"banner-bg fill\" >\n            <img loading=\"lazy\" decoding=\"async\" width=\"600\" height=\"800\" src=\"https:\/\/iconicmen.ro\/wp-content\/uploads\/2026\/03\/Costum-verde-prafuit-600x800.jpg\" class=\"bg attachment-large size-large\" alt=\"\" \/>                        <div class=\"overlay\"><\/div>            \n                    <\/div>\n\t\t\n        <div class=\"banner-layers container\">\n            <div class=\"fill banner-link\"><\/div>            \n\n   <div id=\"text-box-158828518\" class=\"text-box banner-layer text-box-circle x0 md-x0 lg-x0 y100 md-y100 lg-y100 res-text\">\n                                <div class=\"text-box-content text box-shadow-3 dark\">\n              \n              <div class=\"text-inner text-center\">\n                  \n\n\t<div id=\"text-680623901\" class=\"text\">\n\t\t\n\n<h4>MATERIALE PREMIUM<\/h4>\n<p>\u021aes\u0103turi de calitate, confort superior \u0219i aten\u021bie la fiecare detaliu.<\/p>\n\t\t\n<style>\n#text-680623901 {\n  font-size: 0.75rem;\n  line-height: 1.45;\n  color: #a38560;\n}\n#text-680623901 > * {\n  color: #a38560;\n}\n<\/style>\n\t<\/div>\n\t\n\n              <\/div>\n           <\/div>\n                            \n<style>\n#text-box-158828518 .text-box-content {\n  background-color: rgba(0, 0, 0, 0.86);\n  font-size: 100%;\n}\n#text-box-158828518 .text-inner {\n  padding: 30px 30px 30px 30px;\n}\n#text-box-158828518 {\n  width: 60%;\n}\n@media (min-width:550px) {\n  #text-box-158828518 {\n    width: 70%;\n  }\n}\n<\/style>\n    <\/div>\n \n\n        <\/div>\n      <\/div>\n\n            \n<style>\n#banner-819755903 {\n  padding-top: 500px;\n}\n#banner-819755903 .overlay {\n  background-color: rgba(0, 0, 0, 0.2);\n}\n<\/style>\n  <\/div>\n\n\n\n\t\t<\/div>\n\t\t\t\t\t<\/div>\n\n\t\n\n\t<div id=\"col-1056266935\" class=\"col medium-4 small-12 large-4\"  >\n\t\t\t\t<div class=\"col-inner\"  >\n\t\t\t\n\t\t\t\n\n\n  <div class=\"banner has-hover\" id=\"banner-2010033835\">\n          <div class=\"banner-inner fill\">\n        <div class=\"banner-bg fill\" >\n            <img loading=\"lazy\" decoding=\"async\" width=\"649\" height=\"800\" src=\"https:\/\/iconicmen.ro\/wp-content\/uploads\/2026\/05\/eZy-Watermark_14-01-2026_02-23-52-3190PM-e1778833269684-649x800.jpg\" class=\"bg attachment-large size-large\" alt=\"\" \/>                        <div class=\"overlay\"><\/div>            \n                    <\/div>\n\t\t\n        <div class=\"banner-layers container\">\n            <div class=\"fill banner-link\"><\/div>            \n\n   <div id=\"text-box-1048774667\" class=\"text-box banner-layer text-box-circle x0 md-x0 lg-x0 y100 md-y100 lg-y100 res-text\">\n                                <div class=\"text-box-content text box-shadow-3 dark\">\n              \n              <div class=\"text-inner text-center\">\n                  \n\n\t<div id=\"text-1288201675\" class=\"text\">\n\t\t\n\n<h4>PENTRU MOMENTE IMPORTANTE<\/h4>\n<p>Nun\u021bi, ceremonii, evenimente sau business \u2014 fiecare apari\u021bie merit\u0103 un impact memorabil.<\/p>\n\t\t\n<style>\n#text-1288201675 {\n  font-size: 0.75rem;\n  line-height: 1.25;\n  color: #a38560;\n}\n#text-1288201675 > * {\n  color: #a38560;\n}\n<\/style>\n\t<\/div>\n\t\n\n              <\/div>\n           <\/div>\n                            \n<style>\n#text-box-1048774667 .text-box-content {\n  background-color: rgba(0, 0, 0, 0.86);\n  font-size: 100%;\n}\n#text-box-1048774667 .text-inner {\n  padding: 30px 30px 30px 30px;\n}\n#text-box-1048774667 {\n  width: 60%;\n}\n@media (min-width:550px) {\n  #text-box-1048774667 {\n    width: 70%;\n  }\n}\n<\/style>\n    <\/div>\n \n\n        <\/div>\n      <\/div>\n\n            \n<style>\n#banner-2010033835 {\n  padding-top: 500px;\n}\n#banner-2010033835 .overlay {\n  background-color: rgba(0, 0, 0, 0.2);\n}\n<\/style>\n  <\/div>\n\n\n\n\t\t<\/div>\n\t\t\t\t\t<\/div>\n\n\t\n\n<\/div>\n\n     <\/div>\n\n     <div class=\"loading-spin dark large centered\"><\/div>\n\n\t<\/div>\n\n\n\t<div id=\"text-1535077628\" class=\"text\">\n\t\t\n\n<p>Cau\u021bi costume de b\u0103rba\u021bi \u0219i \u00eembr\u0103c\u0103minte elegant\u0103 \u00een Oradea?<\/p>\n<p>Viziteaz\u0103 showroom-ul nostru fizic situat \u00een Oradea, pe strada NUR\u0102RULUI nr.10.<\/p>\n<p>Orar de func\u021bionare:<\/p>\n<p>Luni &#8211; Vineri &#8211; 10 &#8211; 18<\/p>\n<p>S\u00e2mb\u0103t\u0103 &#8211; 10 &#8211; 13<\/p>\n<p>\u00a0<\/p>\n<p>Produsele comandate online pot fi ridicate \u0219i din loca\u021bia fizic\u0103 (cu programare prealabil\u0103).<\/p>\n\t\t\n<style>\n#text-1535077628 {\n  text-align: center;\n}\n<\/style>\n\t<\/div>","protected":false},"excerpt":{"rendered":"","protected":false},"author":1,"featured_media":19,"parent":54,"menu_order":0,"comment_status":"closed","ping_status":"closed","template":"page-blank.php","meta":{"footnotes":""},"class_list":["post-36","page","type-page","status-publish","has-post-thumbnail","hentry"],"_hostinger_reach_plugin_has_subscription_block":false,"_hostinger_reach_plugin_is_elementor":false,"jetpack_sharing_enabled":true,"_links":{"self":[{"href":"https:\/\/iconicmen.ro\/ro\/wp-json\/wp\/v2\/pages\/36","targetHints":{"allow":["GET"]}}],"collection":[{"href":"https:\/\/iconicmen.ro\/ro\/wp-json\/wp\/v2\/pages"}],"about":[{"href":"https:\/\/iconicmen.ro\/ro\/wp-json\/wp\/v2\/types\/page"}],"author":[{"embeddable":true,"href":"https:\/\/iconicmen.ro\/ro\/wp-json\/wp\/v2\/users\/1"}],"replies":[{"embeddable":true,"href":"https:\/\/iconicmen.ro\/ro\/wp-json\/wp\/v2\/comments?post=36"}],"version-history":[{"count":14,"href":"https:\/\/iconicmen.ro\/ro\/wp-json\/wp\/v2\/pages\/36\/revisions"}],"predecessor-version":[{"id":675,"href":"https:\/\/iconicmen.ro\/ro\/wp-json\/wp\/v2\/pages\/36\/revisions\/675"}],"up":[{"embeddable":true,"href":"https:\/\/iconicmen.ro\/ro\/wp-json\/wp\/v2\/pages\/54"}],"wp:featuredmedia":[{"embeddable":true,"href":"https:\/\/iconicmen.ro\/ro\/wp-json\/wp\/v2\/media\/19"}],"wp:attachment":[{"href":"https:\/\/iconicmen.ro\/ro\/wp-json\/wp\/v2\/media?parent=36"}],"curies":[{"name":"wp","href":"https:\/\/api.w.org\/{rel}","templated":true}]}}